{"id":2,"date":"2020-11-25T13:40:33","date_gmt":"2020-11-25T12:40:33","guid":{"rendered":"http:\/\/dianehi.com\/?page_id=2"},"modified":"2021-05-06T13:43:13","modified_gmt":"2021-05-06T11:43:13","slug":"page-d-exemple","status":"publish","type":"page","link":"https:\/\/dianehi.com\/index.php\/page-d-exemple\/","title":{"rendered":"Reiki Libre"},"content":{"rendered":"\n<p class=\"has-nv-light-bg-background-color has-background\"><strong>D\u00e9tails de tous les&nbsp;soins&nbsp;propos\u00e9s:&nbsp;<\/strong><br><strong>R<\/strong><strong>amenant la personne en son centre ici et maintenant<\/strong><br>&#8211; Recentrage des sph\u00e8res lat\u00e9rales, horizontales et verticales- Nettoyage de m\u00e9moires (d&#8217;objet) dans l&#8217;aura<br>&#8211; Nettoyage des chakras:&nbsp;<img alt=\"\u2764\" src=\"https:\/\/mail.google.com\/mail\/e\/2764\"><img alt=\"\ud83d\udc9b\" src=\"https:\/\/mail.google.com\/mail\/e\/1f49b\"><img alt=\"\ud83d\udc9c\" src=\"https:\/\/mail.google.com\/mail\/e\/1f49c\"><img alt=\"\ud83d\udc9a\" src=\"https:\/\/mail.google.com\/mail\/e\/1f49a\"><img alt=\"\ud83d\udc99\" src=\"https:\/\/mail.google.com\/mail\/e\/1f499\"><img alt=\"\ud83d\udc9d\" src=\"https:\/\/mail.google.com\/mail\/e\/1f49d\"><img alt=\"\ud83d\udc9f\" src=\"https:\/\/mail.google.com\/mail\/e\/1f49f\">&#8211; Nettoyage des corps subtils:&nbsp;Physique, Eth\u00e9rique, Emotionnel, Mental, Causal, Astral, Divin.- Nettoyage des liens toxiques- Utilisation des fleurs de bach- Accueil de ce qui est pr\u00e9sent.&nbsp;&nbsp;&#8211; passeuse d\u2019\u00e2me rest\u00e9e bloqu\u00e9e&nbsp;<strong><br><\/strong><strong>Les 5 principaux effets d\u2019une s\u00e9ance&nbsp;:<\/strong><\/p>\n\n\n\n<figure class=\"wp-block-pullquote\" style=\"border-color:var(--nv-light-bg)\"><blockquote><p>\u00b7&nbsp;&nbsp;&nbsp;&nbsp;&nbsp;&nbsp;<strong>Apport d\u2019\u00e9nergie de vie<\/strong><\/p><\/blockquote><\/figure>\n\n\n\n<p class=\"has-nv-light-bg-background-color has-background\">\u00b7&nbsp;&nbsp;&nbsp;&nbsp;&nbsp;&nbsp;<strong>Dissolution des blocages&nbsp;\u00e9nerg\u00e9tiques&nbsp;sur tous les plans&nbsp;:&nbsp;<\/strong><\/p>\n\n\n\n<p><strong>&nbsp; &nbsp; &nbsp; physique, psychique, \u00e9motionnel et spirituel<\/strong><\/p>\n\n\n\n<p>\u00b7&nbsp;&nbsp;&nbsp;&nbsp;&nbsp;&nbsp;<strong>Renforcement du syst\u00e8me immunitaire<\/strong><\/p>\n\n\n\n<p class=\"has-nv-light-bg-background-color has-background\">\u00b7&nbsp;&nbsp;&nbsp;&nbsp;&nbsp;&nbsp;<strong>Acc\u00e9l\u00e9ration du processus de gu\u00e9rison<\/strong><\/p>\n\n\n\n<p>\u00b7&nbsp;&nbsp;&nbsp;&nbsp;&nbsp;&nbsp;<strong>Soulagement des douleurs physiques et \u00e9motionnelles<\/strong><\/p>\n","protected":false},"excerpt":{"rendered":"<p>D\u00e9tails de tous les&nbsp;soins&nbsp;propos\u00e9s:&nbsp;Ramenant la personne en son centre ici et maintenant&#8211; Recentrage des sph\u00e8res lat\u00e9rales, horizontales et verticales- Nettoyage de m\u00e9moires (d&#8217;objet) dans l&#8217;aura&#8211; Nettoyage des chakras:&nbsp;&#8211; Nettoyage des corps subtils:&nbsp;Physique, Eth\u00e9rique, Emotionnel, Mental, Causal, Astral, Divin.- Nettoyage des liens toxiques- Utilisation des fleurs de bach- Accueil de ce qui est pr\u00e9sent.&nbsp;&nbsp;&#8211; passeuse d\u2019\u00e2me&hellip;&nbsp;<a href=\"https:\/\/dianehi.com\/index.php\/page-d-exemple\/\" class=\"\" rel=\"bookmark\">Read More &raquo;<span class=\"screen-reader-text\">Reiki Libre<\/span><\/a><\/p>\n","protected":false},"author":1,"featured_media":274,"parent":0,"menu_order":0,"comment_status":"closed","ping_status":"closed","template":"page-templates\/template-pagebuilder-full-width.php","meta":{"kt_blocks_editor_width":"","neve_meta_sidebar":"","neve_meta_container":"","neve_meta_enable_content_width":"","neve_meta_content_width":0,"neve_meta_title_alignment":"","neve_meta_author_avatar":"","neve_post_elements_order":"","neve_meta_disable_header":"","neve_meta_disable_footer":"","neve_meta_disable_title":""},"featured_image_urls":{"full":["https:\/\/dianehi.com\/wp-content\/uploads\/2021\/01\/F1020013-1.jpg",1840,1167,false],"thumbnail":["https:\/\/dianehi.com\/wp-content\/uploads\/2021\/01\/F1020013-1-150x150.jpg",150,150,true],"medium":["https:\/\/dianehi.com\/wp-content\/uploads\/2021\/01\/F1020013-1-300x190.jpg",300,190,true],"medium_large":["https:\/\/dianehi.com\/wp-content\/uploads\/2021\/01\/F1020013-1-768x487.jpg",768,487,true],"large":["https:\/\/dianehi.com\/wp-content\/uploads\/2021\/01\/F1020013-1-1024x649.jpg",1024,649,true],"1536x1536":["https:\/\/dianehi.com\/wp-content\/uploads\/2021\/01\/F1020013-1-1536x974.jpg",1536,974,true],"2048x2048":["https:\/\/dianehi.com\/wp-content\/uploads\/2021\/01\/F1020013-1.jpg",1840,1167,false],"neve-blog":["https:\/\/dianehi.com\/wp-content\/uploads\/2021\/01\/F1020013-1-930x620.jpg",930,620,true]},"post_excerpt_stackable":"<p>D\u00e9tails de tous les&nbsp;soins&nbsp;propos\u00e9s:&nbsp;Ramenant la personne en son centre ici et maintenant&#8211; Recentrage des sph\u00e8res lat\u00e9rales, horizontales et verticales- Nettoyage de m\u00e9moires (d&#8217;objet) dans l&#8217;aura&#8211; Nettoyage des chakras:&nbsp;&#8211; Nettoyage des corps subtils:&nbsp;Physique, Eth\u00e9rique, Emotionnel, Mental, Causal, Astral, Divin.- Nettoyage des liens toxiques- Utilisation des fleurs de bach- Accueil de ce qui est pr\u00e9sent.&nbsp;&nbsp;&#8211; passeuse d\u2019\u00e2me rest\u00e9e bloqu\u00e9e&nbsp;Les 5 principaux effets d\u2019une s\u00e9ance&nbsp;: \u00b7&nbsp;&nbsp;&nbsp;&nbsp;&nbsp;&nbsp;Apport d\u2019\u00e9nergie de vie \u00b7&nbsp;&nbsp;&nbsp;&nbsp;&nbsp;&nbsp;Dissolution des blocages&nbsp;\u00e9nerg\u00e9tiques&nbsp;sur tous les plans&nbsp;:&nbsp; &nbsp; &nbsp; &nbsp; physique, psychique, \u00e9motionnel et spirituel \u00b7&nbsp;&nbsp;&nbsp;&nbsp;&nbsp;&nbsp;Renforcement du syst\u00e8me immunitaire \u00b7&nbsp;&nbsp;&nbsp;&nbsp;&nbsp;&nbsp;Acc\u00e9l\u00e9ration du processus de gu\u00e9rison \u00b7&nbsp;&nbsp;&nbsp;&nbsp;&nbsp;&nbsp;Soulagement des douleurs physiques et \u00e9motionnelles<\/p>\n","category_list":"","author_info":{"name":"angi","url":"https:\/\/dianehi.com\/index.php\/author\/admin9986\/"},"comments_num":"0 comments","uagb_featured_image_src":{"full":["https:\/\/dianehi.com\/wp-content\/uploads\/2021\/01\/F1020013-1.jpg",1840,1167,false],"thumbnail":["https:\/\/dianehi.com\/wp-content\/uploads\/2021\/01\/F1020013-1-150x150.jpg",150,150,true],"medium":["https:\/\/dianehi.com\/wp-content\/uploads\/2021\/01\/F1020013-1-300x190.jpg",300,190,true],"medium_large":["https:\/\/dianehi.com\/wp-content\/uploads\/2021\/01\/F1020013-1-768x487.jpg",768,487,true],"large":["https:\/\/dianehi.com\/wp-content\/uploads\/2021\/01\/F1020013-1-1024x649.jpg",1024,649,true],"1536x1536":["https:\/\/dianehi.com\/wp-content\/uploads\/2021\/01\/F1020013-1-1536x974.jpg",1536,974,true],"2048x2048":["https:\/\/dianehi.com\/wp-content\/uploads\/2021\/01\/F1020013-1.jpg",1840,1167,false],"neve-blog":["https:\/\/dianehi.com\/wp-content\/uploads\/2021\/01\/F1020013-1-930x620.jpg",930,620,true]},"uagb_author_info":{"display_name":"angi","author_link":"https:\/\/dianehi.com\/index.php\/author\/admin9986\/"},"uagb_comment_info":0,"uagb_excerpt":"D\u00e9tails de tous les&nbsp;soins&nbsp;propos\u00e9s:&nbsp;Ramenant la personne en son centre ici et maintenant&#8211; Recentrage des sph\u00e8res lat\u00e9rales, horizontales et verticales- Nettoyage de m\u00e9moires (d&#8217;objet) dans l&#8217;aura&#8211; Nettoyage des chakras:&nbsp;&#8211; Nettoyage des corps subtils:&nbsp;Physique, Eth\u00e9rique, Emotionnel, Mental, Causal, Astral, Divin.- Nettoyage des liens toxiques- Utilisation des fleurs de bach- Accueil de ce qui est pr\u00e9sent.&nbsp;&nbsp;&#8211; passeuse d\u2019\u00e2me&hellip;&nbsp;Read&hellip;","_links":{"self":[{"href":"https:\/\/dianehi.com\/index.php\/wp-json\/wp\/v2\/pages\/2"}],"collection":[{"href":"https:\/\/dianehi.com\/index.php\/wp-json\/wp\/v2\/pages"}],"about":[{"href":"https:\/\/dianehi.com\/index.php\/wp-json\/wp\/v2\/types\/page"}],"author":[{"embeddable":true,"href":"https:\/\/dianehi.com\/index.php\/wp-json\/wp\/v2\/users\/1"}],"replies":[{"embeddable":true,"href":"https:\/\/dianehi.com\/index.php\/wp-json\/wp\/v2\/comments?post=2"}],"version-history":[{"count":5,"href":"https:\/\/dianehi.com\/index.php\/wp-json\/wp\/v2\/pages\/2\/revisions"}],"predecessor-version":[{"id":134,"href":"https:\/\/dianehi.com\/index.php\/wp-json\/wp\/v2\/pages\/2\/revisions\/134"}],"wp:featuredmedia":[{"embeddable":true,"href":"https:\/\/dianehi.com\/index.php\/wp-json\/wp\/v2\/media\/274"}],"wp:attachment":[{"href":"https:\/\/dianehi.com\/index.php\/wp-json\/wp\/v2\/media?parent=2"}],"curies":[{"name":"wp","href":"https:\/\/api.w.org\/{rel}","templated":true}]}}