{"id":40,"date":"2021-01-22T15:12:35","date_gmt":"2021-01-22T14:12:35","guid":{"rendered":"http:\/\/dianehi.com\/?page_id=40"},"modified":"2021-07-05T11:59:45","modified_gmt":"2021-07-05T09:59:45","slug":"danse","status":"publish","type":"page","link":"https:\/\/dianehi.com\/","title":{"rendered":"Explorations corps voix texte"},"content":{"rendered":"\n<p>Je danse ma vie r\u00eav\u00e9e.<\/p>\n\n\n\n<p>Une travers\u00e9e de chaque instant.<\/p>\n\n\n\n<p>Je brille ma lumi\u00e8re incarn\u00e9e sur terre.<\/p>\n","protected":false},"excerpt":{"rendered":"<p>Je danse ma vie r\u00eav\u00e9e. Une travers\u00e9e de chaque instant. Je brille ma lumi\u00e8re incarn\u00e9e sur terre.<\/p>\n","protected":false},"author":1,"featured_media":0,"parent":0,"menu_order":0,"comment_status":"closed","ping_status":"closed","template":"","meta":{"kt_blocks_editor_width":"","neve_meta_sidebar":"","neve_meta_container":"","neve_meta_enable_content_width":"","neve_meta_content_width":0,"neve_meta_title_alignment":"","neve_meta_author_avatar":"","neve_post_elements_order":"","neve_meta_disable_header":"","neve_meta_disable_footer":"","neve_meta_disable_title":""},"featured_image_urls":{"full":"","thumbnail":"","medium":"","medium_large":"","large":"","1536x1536":"","2048x2048":"","neve-blog":""},"post_excerpt_stackable":"<p>Je danse ma vie r\u00eav\u00e9e. Une travers\u00e9e de chaque instant. Je brille ma lumi\u00e8re incarn\u00e9e sur terre.<\/p>\n","category_list":"","author_info":{"name":"angi","url":"https:\/\/dianehi.com\/index.php\/author\/admin9986\/"},"comments_num":"0 comments","uagb_featured_image_src":{"full":false,"thumbnail":false,"medium":false,"medium_large":false,"large":false,"1536x1536":false,"2048x2048":false,"neve-blog":false},"uagb_author_info":{"display_name":"angi","author_link":"https:\/\/dianehi.com\/index.php\/author\/admin9986\/"},"uagb_comment_info":0,"uagb_excerpt":"Je danse ma vie r\u00eav\u00e9e. Une travers\u00e9e de chaque instant. Je brille ma lumi\u00e8re incarn\u00e9e sur terre.","_links":{"self":[{"href":"https:\/\/dianehi.com\/index.php\/wp-json\/wp\/v2\/pages\/40"}],"collection":[{"href":"https:\/\/dianehi.com\/index.php\/wp-json\/wp\/v2\/pages"}],"about":[{"href":"https:\/\/dianehi.com\/index.php\/wp-json\/wp\/v2\/types\/page"}],"author":[{"embeddable":true,"href":"https:\/\/dianehi.com\/index.php\/wp-json\/wp\/v2\/users\/1"}],"replies":[{"embeddable":true,"href":"https:\/\/dianehi.com\/index.php\/wp-json\/wp\/v2\/comments?post=40"}],"version-history":[{"count":6,"href":"https:\/\/dianehi.com\/index.php\/wp-json\/wp\/v2\/pages\/40\/revisions"}],"predecessor-version":[{"id":410,"href":"https:\/\/dianehi.com\/index.php\/wp-json\/wp\/v2\/pages\/40\/revisions\/410"}],"wp:attachment":[{"href":"https:\/\/dianehi.com\/index.php\/wp-json\/wp\/v2\/media?parent=40"}],"curies":[{"name":"wp","href":"https:\/\/api.w.org\/{rel}","templated":true}]}}